{"id":19,"date":"2019-11-20T09:16:35","date_gmt":"2019-11-20T09:16:35","guid":{"rendered":"https:\/\/searching4it.com\/?p=19"},"modified":"2024-06-18T01:27:50","modified_gmt":"2024-06-18T01:27:50","slug":"how-it-works","status":"publish","type":"page","link":"https:\/\/searching4it.com\/es\/how-it-works\/","title":{"rendered":"C\u00f3mo funciona"},"content":{"rendered":"<h2><span>Join our community of savvy members today and start enjoying the benefits of expert tech support that\u2019s always just a call or click away!<\/span><\/h2>\n<p><img decoding=\"async\" src=\"\/wp-content\/uploads\/2024\/05\/support-1-29c1a0e4-e5919b99.png\" alt=\"\"><\/p>\n<h2>Here are Your Benefits!<\/h2>\n<div>\n<p style=\"text-align: left;\"><strong>1. Instant Tech Support:<\/strong><span>\u00a0<\/span>With our membership, you&#8217;re never alone when tech issues arise. Our remote access solution allows us to troubleshoot and fix problems within minutes, ensuring your operations remain smooth and uninterrupted.<\/p>\n<p style=\"text-align: left;\"><em>Soporte T\u00e9cnico Instant\u00e1neo:<\/em><span>\u00a0<\/span>Con nuestra membres\u00eda, nunca est\u00e1s solo cuando surgen problemas tecnol\u00f3gicos. Nuestra soluci\u00f3n de acceso remoto nos permite diagnosticar y resolver problemas en minutos, asegurando que tus operaciones permanezcan fluidas e ininterrumpidas.<\/p>\n<p style=\"text-align: left;\"><strong>2. Comprehensive System Checks:<\/strong><span>\u00a0<\/span>Regular system checks are crucial for the longevity and efficiency of your technology. Our team conducts thorough inspections to detect and address potential issues before they escalate.<\/p>\n<p style=\"text-align: left;\"><em>Chequeos de Sistema Integrales:<\/em><span>\u00a0<\/span>Los chequeos regulares del sistema son cruciales para la longevidad y eficiencia de tu tecnolog\u00eda. Nuestro equipo realiza inspecciones exhaustivas para detectar y abordar posibles problemas antes de que se agraven.<\/p>\n<p style=\"text-align: left;\"><strong>3. Advanced Antivirus Protection:<\/strong><span>\u00a0<\/span>Keep your devices and data safe with state-of-the-art antivirus solutions. We provide robust protection against malware, ransomware, and other cyber threats.<\/p>\n<p style=\"text-align: left;\"><em>Protecci\u00f3n Antivirus Avanzada:<\/em><span>\u00a0<\/span>Mant\u00e9n tus dispositivos y datos seguros con soluciones antivirus de \u00faltima generaci\u00f3n. Ofrecemos protecci\u00f3n robusta contra malware, ransomware y otras amenazas cibern\u00e9ticas.<\/p>\n<p style=\"text-align: left;\"><strong>4. Weekly Maintenance:<\/strong><span>\u00a0<\/span>To ensure your systems are always running at peak performance, we perform weekly maintenance tasks. This includes software updates, disk cleanups, and optimization processes.<\/p>\n<p style=\"text-align: left;\"><em>Mantenimiento Semanal:<\/em><span>\u00a0<\/span>Para asegurar que tus sistemas siempre est\u00e9n funcionando al m\u00e1ximo rendimiento, realizamos tareas de mantenimiento semanal. Esto incluye actualizaciones de software, limpieza de discos y procesos de optimizaci\u00f3n.<\/p>\n<p style=\"text-align: left;\"><strong>5. Priority Service:<\/strong><span>\u00a0<\/span>Members receive priority in the queue for service requests. Your issues are addressed faster, minimizing downtime and keeping your productivity efficient.<\/p>\n<p style=\"text-align: left;\"><em>Servicio Prioritario:<\/em><span>\u00a0<\/span>Los miembros reciben prioridad en la cola para solicitudes de servicio. Tus problemas se atienden m\u00e1s r\u00e1pido, minimizando el tiempo de inactividad y manteniendo tus operaciones comerciales eficientes.<\/p>\n<p style=\"text-align: left;\"><strong>6. Exclusive Discounts:<\/strong><span>\u00a0<\/span>Enjoy exclusive discounts on additional services and products. This includes savings on hardware upgrades, software licenses, and more, only available to our members.<\/p>\n<p style=\"text-align: left;\"><em>Descuentos Exclusivos:<\/em><span>\u00a0<\/span>Disfruta de descuentos exclusivos en servicios y productos adicionales. Esto incluye ahorros en actualizaciones de hardware, licencias de software y m\u00e1s, disponibles solo para nuestros miembros.<\/p>\n<\/div>\n<p><!--more--><br \/>\n<!-- {\"type\":\"layout\",\"children\":[{\"type\":\"section\",\"props\":{\"image_position\":\"center-center\",\"padding\":\"none\",\"padding_remove_bottom\":false,\"padding_remove_top\":false,\"style\":\"default\",\"title_breakpoint\":\"xl\",\"title_position\":\"top-left\",\"title_rotation\":\"left\",\"vertical_align\":\"middle\",\"width\":\"\"},\"children\":[{\"type\":\"row\",\"props\":{\"column_gap\":\"collapse\",\"layout\":\"1-2,1-2\",\"padding_remove_horizontal\":true,\"row_gap\":\"collapse\",\"width\":\"xlarge\"},\"children\":[{\"type\":\"column\",\"props\":{\"image_position\":\"center-center\",\"position_sticky_breakpoint\":\"m\",\"style\":\"tile-muted\",\"vertical_align\":\"middle\",\"width_medium\":\"1-2\"},\"children\":[{\"type\":\"headline\",\"props\":{\"block_align_breakpoint\":\"m\",\"block_align_fallback\":\"center\",\"content\":\"<span>Join our community of savvy members today and start enjoying the benefits of expert tech support that\\u2019s always just a call or click away!<\\\/span>\",\"margin\":\"small\",\"maxwidth\":\"xlarge\",\"text_align\":\"left\",\"text_align_breakpoint\":\"m\",\"text_align_fallback\":\"center\",\"title_element\":\"h2\",\"title_style\":\"h1\"}},{\"type\":\"divider\",\"props\":{\"block_align_breakpoint\":\"m\",\"block_align_fallback\":\"center\",\"divider_align\":\"left\",\"divider_align_breakpoint\":\"m\",\"divider_align_fallback\":\"center\",\"divider_element\":\"div\",\"divider_style\":\"small\",\"margin\":\"medium\",\"maxwidth_breakpoint\":\"m\"}}]},{\"type\":\"column\",\"props\":{\"image_position\":\"center-center\",\"order_first\":\"m\",\"padding\":\"none\",\"position_sticky_breakpoint\":\"m\",\"style\":\"tile-muted\",\"vertical_align\":\"bottom\",\"width_medium\":\"1-2\"},\"children\":[{\"type\":\"image\",\"props\":{\"image\":\"wp-content\\\/uploads\\\/2024\\\/05\\\/support-1-29c1a0e4-e5919b99.png\",\"image_loading\":true,\"image_svg_color\":\"emphasis\",\"image_width\":\"910\",\"margin\":\"default\"}}]}]},{\"type\":\"row\",\"props\":{\"margin\":\"xlarge\",\"width\":\"small\"},\"children\":[{\"type\":\"column\",\"props\":{\"image_position\":\"center-center\",\"position_sticky_breakpoint\":\"m\",\"width_medium\":\"1-1\"},\"children\":[{\"type\":\"headline\",\"props\":{\"content\":\"Here are Your Benefits!\",\"text_align\":\"center\",\"title_element\":\"h2\"}},{\"type\":\"text\",\"props\":{\"block_align\":\"center\",\"column_breakpoint\":\"m\",\"content\":\"\n\n<p style=\\\"text-align: left;\\\"><strong>1. Instant Tech Support:<\\\/strong><span>\\u00a0<\\\/span>With our membership, you're never alone when tech issues arise. Our remote access solution allows us to troubleshoot and fix problems within minutes, ensuring your operations remain smooth and uninterrupted.<\\\/p>\\n\n\n<p style=\\\"text-align: left;\\\"><em>Soporte T\\u00e9cnico Instant\\u00e1neo:<\\\/em><span>\\u00a0<\\\/span>Con nuestra membres\\u00eda, nunca est\\u00e1s solo cuando surgen problemas tecnol\\u00f3gicos. Nuestra soluci\\u00f3n de acceso remoto nos permite diagnosticar y resolver problemas en minutos, asegurando que tus operaciones permanezcan fluidas e ininterrumpidas.<\\\/p>\\n\n\n<p style=\\\"text-align: left;\\\"><strong>2. Comprehensive System Checks:<\\\/strong><span>\\u00a0<\\\/span>Regular system checks are crucial for the longevity and efficiency of your technology. Our team conducts thorough inspections to detect and address potential issues before they escalate.<\\\/p>\\n\n\n<p style=\\\"text-align: left;\\\"><em>Chequeos de Sistema Integrales:<\\\/em><span>\\u00a0<\\\/span>Los chequeos regulares del sistema son cruciales para la longevidad y eficiencia de tu tecnolog\\u00eda. Nuestro equipo realiza inspecciones exhaustivas para detectar y abordar posibles problemas antes de que se agraven.<\\\/p>\\n\n\n<p style=\\\"text-align: left;\\\"><strong>3. Advanced Antivirus Protection:<\\\/strong><span>\\u00a0<\\\/span>Keep your devices and data safe with state-of-the-art antivirus solutions. We provide robust protection against malware, ransomware, and other cyber threats.<\\\/p>\\n\n\n<p style=\\\"text-align: left;\\\"><em>Protecci\\u00f3n Antivirus Avanzada:<\\\/em><span>\\u00a0<\\\/span>Mant\\u00e9n tus dispositivos y datos seguros con soluciones antivirus de \\u00faltima generaci\\u00f3n. Ofrecemos protecci\\u00f3n robusta contra malware, ransomware y otras amenazas cibern\\u00e9ticas.<\\\/p>\\n\n\n<p style=\\\"text-align: left;\\\"><strong>4. Weekly Maintenance:<\\\/strong><span>\\u00a0<\\\/span>To ensure your systems are always running at peak performance, we perform weekly maintenance tasks. This includes software updates, disk cleanups, and optimization processes.<\\\/p>\\n\n\n<p style=\\\"text-align: left;\\\"><em>Mantenimiento Semanal:<\\\/em><span>\\u00a0<\\\/span>Para asegurar que tus sistemas siempre est\\u00e9n funcionando al m\\u00e1ximo rendimiento, realizamos tareas de mantenimiento semanal. Esto incluye actualizaciones de software, limpieza de discos y procesos de optimizaci\\u00f3n.<\\\/p>\\n\n\n<p style=\\\"text-align: left;\\\"><strong>5. Priority Service:<\\\/strong><span>\\u00a0<\\\/span>Members receive priority in the queue for service requests. Your issues are addressed faster, minimizing downtime and keeping your productivity efficient.<\\\/p>\\n\n\n<p style=\\\"text-align: left;\\\"><em>Servicio Prioritario:<\\\/em><span>\\u00a0<\\\/span>Los miembros reciben prioridad en la cola para solicitudes de servicio. Tus problemas se atienden m\\u00e1s r\\u00e1pido, minimizando el tiempo de inactividad y manteniendo tus operaciones comerciales eficientes.<\\\/p>\\n\n\n<p style=\\\"text-align: left;\\\"><strong>6. Exclusive Discounts:<\\\/strong><span>\\u00a0<\\\/span>Enjoy exclusive discounts on additional services and products. This includes savings on hardware upgrades, software licenses, and more, only available to our members.<\\\/p>\\n\n\n<p style=\\\"text-align: left;\\\"><em>Descuentos Exclusivos:<\\\/em><span>\\u00a0<\\\/span>Disfruta de descuentos exclusivos en servicios y productos adicionales. Esto incluye ahorros en actualizaciones de hardware, licencias de software y m\\u00e1s, disponibles solo para nuestros miembros.<\\\/p>\",\"margin\":\"default\",\"maxwidth\":\"xlarge\",\"text_align\":\"center\",\"text_style\":\"lead\"}}]}]}],\"name\":\"About\"}],\"version\":\"4.2.11\"} --><\/p>\n","protected":false},"excerpt":{"rendered":"<p>Join our community of savvy members today and start enjoying the benefits of expert tech support that\u2019s always just a call or click away! Here are Your Benefits! 1. Instant Tech Support:\u00a0With our membership, you&#8217;re never alone when tech issues arise. Our remote access solution allows us to troubleshoot and fix problems within minutes, ensuring [&hellip;]<\/p>\n","protected":false},"author":1,"featured_media":1004,"parent":0,"menu_order":3,"comment_status":"open","ping_status":"open","template":"","meta":{"_acf_changed":false,"footnotes":""},"class_list":["post-19","page","type-page","status-publish","has-post-thumbnail","hentry"],"acf":[],"_links":{"self":[{"href":"https:\/\/searching4it.com\/es\/wp-json\/wp\/v2\/pages\/19","targetHints":{"allow":["GET"]}}],"collection":[{"href":"https:\/\/searching4it.com\/es\/wp-json\/wp\/v2\/pages"}],"about":[{"href":"https:\/\/searching4it.com\/es\/wp-json\/wp\/v2\/types\/page"}],"author":[{"embeddable":true,"href":"https:\/\/searching4it.com\/es\/wp-json\/wp\/v2\/users\/1"}],"replies":[{"embeddable":true,"href":"https:\/\/searching4it.com\/es\/wp-json\/wp\/v2\/comments?post=19"}],"version-history":[{"count":23,"href":"https:\/\/searching4it.com\/es\/wp-json\/wp\/v2\/pages\/19\/revisions"}],"predecessor-version":[{"id":1501,"href":"https:\/\/searching4it.com\/es\/wp-json\/wp\/v2\/pages\/19\/revisions\/1501"}],"wp:featuredmedia":[{"embeddable":true,"href":"https:\/\/searching4it.com\/es\/wp-json\/wp\/v2\/media\/1004"}],"wp:attachment":[{"href":"https:\/\/searching4it.com\/es\/wp-json\/wp\/v2\/media?parent=19"}],"curies":[{"name":"wp","href":"https:\/\/api.w.org\/{rel}","templated":true}]}}