{"id":1,"date":"2019-10-24T13:04:09","date_gmt":"2019-10-24T13:04:09","guid":{"rendered":"https:\/\/searching4it.com\/?p=1"},"modified":"2026-03-05T17:17:10","modified_gmt":"2026-03-05T17:17:10","slug":"home","status":"publish","type":"page","link":"https:\/\/searching4it.com\/es\/","title":{"rendered":"Home"},"content":{"rendered":"<div class=\"wp-block-group\"><div class=\"wp-block-group__inner-container is-layout-constrained wp-block-group-is-layout-constrained\">\n<p><img decoding=\"async\" class=\"aligncenter\" src=\"\/wp-content\/uploads\/2024\/04\/Teal-and-Orange-Modern-Computer-Repair-Instagram-Post.png\" alt=\"\" \/><\/p>\n<div style=\"text-align: center;\">\u00a0<\/div>\n<h2 style=\"text-align: center;\">S\u00f3lo 2 planes simples...<\/h2>\n<p style=\"text-align: center;\"><img decoding=\"async\" class=\"aligncenter\" src=\"\/wp-content\/uploads\/yootheme\/icon-search-decoration.svg\" alt=\"\" \/><\/p>\n<h3 style=\"text-align: center;\">Membres\u00eda esencial<\/h3>\n<p style=\"text-align: center;\">S\u00f3lo $10\/mes<\/p>\n<div style=\"text-align: center;\"><span style=\"color: #ffbf00;\">Sum\u00e9rjase en servicios de reparaci\u00f3n de computadoras incomparables con descuentos de membres\u00eda en todos los servicios en la tienda. Adem\u00e1s, disfrute de 10 minutos de soporte t\u00e9cnico\/remoto gratuito cada mes, seguidos de asistencia remota asequible a solo $1\/minuto. \u00a1Perfecto para esas soluciones r\u00e1pidas y consultas t\u00e9cnicas!<\/span><\/div>\n<p style=\"text-align: center;\"><img decoding=\"async\" class=\"aligncenter\" src=\"\/wp-content\/uploads\/yootheme\/icon-package-decoration.svg\" alt=\"\" \/><\/p>\n<h3 style=\"text-align: center;\">Membresia premium<\/h3>\n<p style=\"text-align: center;\">S\u00f3lo $35\/mes<\/p>\n<div style=\"text-align: center;\"><span style=\"color: #ffbf00;\">Covers up to two computers (PCs or Macs). Enjoy proactive protection and maintenance with managed antivirus, DNS security filtering, weekly system maintenance, and continuous monitoring. Automatic patch management keeps Windows\/macOS and popular programs like Adobe Reader, Java, Chrome, and Firefox securely updated. Includes 15 minutes of remote tech support monthly, $1\/minute remote assistance, and access to exclusive deep member discounts on in-shop services. Our best value for reliable performance, security, and priority support.<\/span><\/div>\n<p style=\"text-align: center;\"><img decoding=\"async\" class=\"aligncenter\" src=\"\/wp-content\/uploads\/yootheme\/icon-truck-decoration.svg\" alt=\"\" \/><\/p>\n<h3 style=\"text-align: center;\">Onsite Services Tailored to Your Needs<\/h3>\n<div style=\"text-align: center;\">\n<p><span style=\"color: #ffbf00;\">Nuestro objetivo es ahorrarle dinero maximizando los servicios de soporte remoto a solo $1 por minuto, pero si necesita un servicio en el sitio, estamos aqu\u00ed para ayudarlo. Desde configurar impresoras, dispositivos Roku y televisores hasta optimizar su red Wi-Fi y m\u00e1s. Los cargos por servicio en el sitio son separados, a $150 por hora con un m\u00ednimo de $75. Prometemos recomendar visitas al sitio solo cuando sean absolutamente necesarias o cuando su solicitud sea especializada.<\/span><\/p>\n<\/div>\n<p><!--more--><\/p>\n<\/div><\/div>","protected":false},"excerpt":{"rendered":"<p>\u00a0 Just 2 Simple Plans&#8230; Essential Membership Only $10\/Month Dive into unparalleled computer repair services with membership discounts on all in-shop services. Plus, enjoy 10 minutes of complimentary tech\/remote support every month, followed by affordable remote assistance at just $1\/minute. Perfect for those quick fixes and tech inquiries! Premium Membership Only $35\/Month Covers up to [&hellip;]<\/p>\n","protected":false},"author":1,"featured_media":0,"parent":0,"menu_order":4,"comment_status":"open","ping_status":"open","template":"","meta":{"_acf_changed":false,"footnotes":""},"class_list":["post-1","page","type-page","status-publish","hentry"],"acf":[],"_links":{"self":[{"href":"https:\/\/searching4it.com\/es\/wp-json\/wp\/v2\/pages\/1","targetHints":{"allow":["GET"]}}],"collection":[{"href":"https:\/\/searching4it.com\/es\/wp-json\/wp\/v2\/pages"}],"about":[{"href":"https:\/\/searching4it.com\/es\/wp-json\/wp\/v2\/types\/page"}],"author":[{"embeddable":true,"href":"https:\/\/searching4it.com\/es\/wp-json\/wp\/v2\/users\/1"}],"replies":[{"embeddable":true,"href":"https:\/\/searching4it.com\/es\/wp-json\/wp\/v2\/comments?post=1"}],"version-history":[{"count":44,"href":"https:\/\/searching4it.com\/es\/wp-json\/wp\/v2\/pages\/1\/revisions"}],"predecessor-version":[{"id":1506,"href":"https:\/\/searching4it.com\/es\/wp-json\/wp\/v2\/pages\/1\/revisions\/1506"}],"wp:attachment":[{"href":"https:\/\/searching4it.com\/es\/wp-json\/wp\/v2\/media?parent=1"}],"curies":[{"name":"wp","href":"https:\/\/api.w.org\/{rel}","templated":true}]}}